{"id":616,"date":"2026-04-09T21:54:01","date_gmt":"2026-04-09T20:54:01","guid":{"rendered":"https:\/\/shop.galeriegretameert.com\/?post_type=product&#038;p=616"},"modified":"2026-04-09T21:57:07","modified_gmt":"2026-04-09T20:57:07","slug":"ro-se-a-book-as-a-bridge","status":"publish","type":"product","link":"https:\/\/shop.galeriegretameert.com\/?product=ro-se-a-book-as-a-bridge","title":{"rendered":"RO-SE A Book as a Bridge"},"content":{"rendered":"<p>EN: A hybrid monograph\/artist book of Nathalie Du Pasquier\u2019s work. Published on the occasion of Nathalie Du Pasquier\u2019s solo show at MACRO \u2013 Museum of Contemporary Art of Rome, this book navigates the space between an exhibition catalogue and the artist book with juxtapositions of photographs of Nathalie Du Pasquier\u2019 works, installation views of the show at MACRO, and extracts from texts by various writers and figures fundamental for her practice. These come together to create an extension of the exhibition itself, in a form that channels the spirit of the show: the pages become exhibition spaces embracing associations and combinations allowing for a deeper understanding and exploration of Du Pasquier\u2019s work, and her imagination at large. It is a glimpse into the possibilities offered by her oeuvre, which can be approached, interpreted, and experienced from countless perspectives. It is the very vastness and variety of her work, and her inspirations, that make the exploration of her work\u2014and as a result this publication\u2014non-exhaustive. This publication is part of an ongoing study of her work and documents her exhibition at MACRO, \u201cCampo di Marte,\u201d Du Pasquier\u2019s biggest show to date which brought together over one-hundred paintings, sculptures, drawings, prints, and cabins, from the early 1980s to present day. FR: Une publication hybride, entre monographie, livre d\u2019artiste et catalogue, documentant l\u2019ensemble de l\u2019\u0153uvre de Nathalie Du Pasquier. Publi\u00e9 suite \u00e0 l\u2019exposition personnelle de Nathalie Du Pasquier au MACRO \u00e0 Rome (Museo di Arte contemporanea di Roma), puis au Mrac Occitanie, S\u00e9rignan, sa plus grande exposition \u00e0 ce jour qui a rassembl\u00e9 plus de cent peintures, sculptures, dessins et gravures, du d\u00e9but des ann\u00e9es 1980 \u00e0 aujourd\u2019hui, ce livre oscille entre catalogue d\u2019exposition et livre d\u2019artiste en juxtaposant des photographies des \u0153uvres de Nathalie Du Pasquier, des vues d\u2019installation de l\u2019exposition au MACRO et des extraits de textes de divers \u00e9crivains et personnalit\u00e9s fondamentales pour sa pratique. Ces \u00e9l\u00e9ments s\u2019assemblent pour cr\u00e9er une extension de l\u2019exposition elle-m\u00eame, sous une forme qui traduit l\u2019esprit de l\u2019exposition : les pages deviennent des espaces d\u2019exposition accueillant des associations et des combinaisons qui permettent une compr\u00e9hension et une exploration plus approfondies du travail de Du Pasquier, et de son imagination au sens large. C\u2019est un aper\u00e7u des possibilit\u00e9s offertes par son \u0153uvre, qui peut \u00eatre abord\u00e9e, interpr\u00e9t\u00e9e et v\u00e9cue sous d\u2019innombrables angles. C\u2019est l\u2019immensit\u00e9 et la vari\u00e9t\u00e9 m\u00eames de son \u0153uvre et de ses inspirations qui rendent l\u2019exploration de son travail \u2014 et par cons\u00e9quent cette publication \u2014 non exhaustive. Publi\u00e9 \u00e0 l\u2019occasion de l\u2019exposition de Nathalie Du Pasquier \u00ab Campo di Marte \u00bb au MACRO, Rome, en 2021 et au Mrac Occitanie, S\u00e9rignan, en 2022.<\/p>\n","protected":false},"excerpt":{"rendered":"<p>Year: 2022<br \/>\nDimensions: 29.8 x 21 cm<br \/>\nPages: 176<br \/>\nLanguage: English \/ Italian<br \/>\nMaterial: Softcover<\/p>\n","protected":false},"featured_media":883,"comment_status":"closed","ping_status":"closed","template":"","meta":[],"product_brand":[],"product_cat":[51],"product_tag":[27],"class_list":{"0":"post-616","1":"product","2":"type-product","3":"status-publish","4":"has-post-thumbnail","6":"product_cat-nathalie-du-pasquier","7":"product_tag-book","9":"first","10":"instock","11":"taxable","12":"shipping-taxable","13":"purchasable","14":"product-type-simple"},"yoast_head":"<!-- This site is optimized with the Yoast SEO plugin v27.4 - https:\/\/yoast.com\/product\/yoast-seo-wordpress\/ -->\n<title>RO-SE A Book as a Bridge - Galerie Greta Meert<\/title>\n<meta name=\"robots\" content=\"index, follow, max-snippet:-1, max-image-preview:large, max-video-preview:-1\" \/>\n<link rel=\"canonical\" href=\"https:\/\/shop.galeriegretameert.com\/?product=ro-se-a-book-as-a-bridge\" \/>\n<meta property=\"og:locale\" content=\"en_GB\" \/>\n<meta property=\"og:type\" content=\"article\" \/>\n<meta property=\"og:title\" content=\"RO-SE A Book as a Bridge - Galerie Greta Meert\" \/>\n<meta property=\"og:description\" content=\"Year: 2022 Dimensions: 29.8 x 21 cm Pages: 176 Language: English \/ Italian Material: Softcover\" \/>\n<meta property=\"og:url\" content=\"https:\/\/shop.galeriegretameert.com\/?product=ro-se-a-book-as-a-bridge\" \/>\n<meta property=\"og:site_name\" content=\"Galerie Greta Meert\" \/>\n<meta property=\"article:modified_time\" content=\"2026-04-09T20:57:07+00:00\" \/>\n<meta property=\"og:image\" content=\"https:\/\/shop.galeriegretameert.com\/wp-content\/uploads\/2026\/04\/248_DuPasquier_09.jpg\" \/>\n\t<meta property=\"og:image:width\" content=\"1125\" \/>\n\t<meta property=\"og:image:height\" content=\"1500\" \/>\n\t<meta property=\"og:image:type\" content=\"image\/jpeg\" \/>\n<meta name=\"twitter:card\" content=\"summary_large_image\" \/>\n<meta name=\"twitter:label1\" content=\"Estimated reading time\" \/>\n\t<meta name=\"twitter:data1\" content=\"2 minutes\" \/>\n<script type=\"application\/ld+json\" class=\"yoast-schema-graph\">{\"@context\":\"https:\\\/\\\/schema.org\",\"@graph\":[{\"@type\":\"WebPage\",\"@id\":\"https:\\\/\\\/shop.galeriegretameert.com\\\/?product=ro-se-a-book-as-a-bridge\",\"url\":\"https:\\\/\\\/shop.galeriegretameert.com\\\/?product=ro-se-a-book-as-a-bridge\",\"name\":\"RO-SE A Book as a Bridge - Galerie Greta Meert\",\"isPartOf\":{\"@id\":\"https:\\\/\\\/shop.galeriegretameert.com\\\/#website\"},\"primaryImageOfPage\":{\"@id\":\"https:\\\/\\\/shop.galeriegretameert.com\\\/?product=ro-se-a-book-as-a-bridge#primaryimage\"},\"image\":{\"@id\":\"https:\\\/\\\/shop.galeriegretameert.com\\\/?product=ro-se-a-book-as-a-bridge#primaryimage\"},\"thumbnailUrl\":\"https:\\\/\\\/shop.galeriegretameert.com\\\/wp-content\\\/uploads\\\/2026\\\/04\\\/248_DuPasquier_09.jpg\",\"datePublished\":\"2026-04-09T20:54:01+00:00\",\"dateModified\":\"2026-04-09T20:57:07+00:00\",\"breadcrumb\":{\"@id\":\"https:\\\/\\\/shop.galeriegretameert.com\\\/?product=ro-se-a-book-as-a-bridge#breadcrumb\"},\"inLanguage\":\"en-GB\",\"potentialAction\":[{\"@type\":\"ReadAction\",\"target\":[\"https:\\\/\\\/shop.galeriegretameert.com\\\/?product=ro-se-a-book-as-a-bridge\"]}]},{\"@type\":\"ImageObject\",\"inLanguage\":\"en-GB\",\"@id\":\"https:\\\/\\\/shop.galeriegretameert.com\\\/?product=ro-se-a-book-as-a-bridge#primaryimage\",\"url\":\"https:\\\/\\\/shop.galeriegretameert.com\\\/wp-content\\\/uploads\\\/2026\\\/04\\\/248_DuPasquier_09.jpg\",\"contentUrl\":\"https:\\\/\\\/shop.galeriegretameert.com\\\/wp-content\\\/uploads\\\/2026\\\/04\\\/248_DuPasquier_09.jpg\",\"width\":1125,\"height\":1500},{\"@type\":\"BreadcrumbList\",\"@id\":\"https:\\\/\\\/shop.galeriegretameert.com\\\/?product=ro-se-a-book-as-a-bridge#breadcrumb\",\"itemListElement\":[{\"@type\":\"ListItem\",\"position\":1,\"name\":\"Home\",\"item\":\"https:\\\/\\\/shop.galeriegretameert.com\\\/\"},{\"@type\":\"ListItem\",\"position\":2,\"name\":\"Shop\",\"item\":\"https:\\\/\\\/shop.galeriegretameert.com\\\/\"},{\"@type\":\"ListItem\",\"position\":3,\"name\":\"RO-SE A Book as a Bridge\"}]},{\"@type\":\"WebSite\",\"@id\":\"https:\\\/\\\/shop.galeriegretameert.com\\\/#website\",\"url\":\"https:\\\/\\\/shop.galeriegretameert.com\\\/\",\"name\":\"Galerie Greta Meert\",\"description\":\"\",\"publisher\":{\"@id\":\"https:\\\/\\\/shop.galeriegretameert.com\\\/#organization\"},\"potentialAction\":[{\"@type\":\"SearchAction\",\"target\":{\"@type\":\"EntryPoint\",\"urlTemplate\":\"https:\\\/\\\/shop.galeriegretameert.com\\\/?s={search_term_string}\"},\"query-input\":{\"@type\":\"PropertyValueSpecification\",\"valueRequired\":true,\"valueName\":\"search_term_string\"}}],\"inLanguage\":\"en-GB\"},{\"@type\":\"Organization\",\"@id\":\"https:\\\/\\\/shop.galeriegretameert.com\\\/#organization\",\"name\":\"Galerie Greta Meert\",\"url\":\"https:\\\/\\\/shop.galeriegretameert.com\\\/\",\"logo\":{\"@type\":\"ImageObject\",\"inLanguage\":\"en-GB\",\"@id\":\"https:\\\/\\\/shop.galeriegretameert.com\\\/#\\\/schema\\\/logo\\\/image\\\/\",\"url\":\"https:\\\/\\\/shop.galeriegretameert.com\\\/wp-content\\\/uploads\\\/2026\\\/04\\\/cropped-GGM-logo.png\",\"contentUrl\":\"https:\\\/\\\/shop.galeriegretameert.com\\\/wp-content\\\/uploads\\\/2026\\\/04\\\/cropped-GGM-logo.png\",\"width\":1919,\"height\":111,\"caption\":\"Galerie Greta Meert\"},\"image\":{\"@id\":\"https:\\\/\\\/shop.galeriegretameert.com\\\/#\\\/schema\\\/logo\\\/image\\\/\"}}]}<\/script>\n<!-- \/ Yoast SEO plugin. -->","yoast_head_json":{"title":"RO-SE A Book as a Bridge - Galerie Greta Meert","robots":{"index":"index","follow":"follow","max-snippet":"max-snippet:-1","max-image-preview":"max-image-preview:large","max-video-preview":"max-video-preview:-1"},"canonical":"https:\/\/shop.galeriegretameert.com\/?product=ro-se-a-book-as-a-bridge","og_locale":"en_GB","og_type":"article","og_title":"RO-SE A Book as a Bridge - Galerie Greta Meert","og_description":"Year: 2022 Dimensions: 29.8 x 21 cm Pages: 176 Language: English \/ Italian Material: Softcover","og_url":"https:\/\/shop.galeriegretameert.com\/?product=ro-se-a-book-as-a-bridge","og_site_name":"Galerie Greta Meert","article_modified_time":"2026-04-09T20:57:07+00:00","og_image":[{"width":1125,"height":1500,"url":"https:\/\/shop.galeriegretameert.com\/wp-content\/uploads\/2026\/04\/248_DuPasquier_09.jpg","type":"image\/jpeg"}],"twitter_card":"summary_large_image","twitter_misc":{"Estimated reading time":"2 minutes"},"schema":{"@context":"https:\/\/schema.org","@graph":[{"@type":"WebPage","@id":"https:\/\/shop.galeriegretameert.com\/?product=ro-se-a-book-as-a-bridge","url":"https:\/\/shop.galeriegretameert.com\/?product=ro-se-a-book-as-a-bridge","name":"RO-SE A Book as a Bridge - Galerie Greta Meert","isPartOf":{"@id":"https:\/\/shop.galeriegretameert.com\/#website"},"primaryImageOfPage":{"@id":"https:\/\/shop.galeriegretameert.com\/?product=ro-se-a-book-as-a-bridge#primaryimage"},"image":{"@id":"https:\/\/shop.galeriegretameert.com\/?product=ro-se-a-book-as-a-bridge#primaryimage"},"thumbnailUrl":"https:\/\/shop.galeriegretameert.com\/wp-content\/uploads\/2026\/04\/248_DuPasquier_09.jpg","datePublished":"2026-04-09T20:54:01+00:00","dateModified":"2026-04-09T20:57:07+00:00","breadcrumb":{"@id":"https:\/\/shop.galeriegretameert.com\/?product=ro-se-a-book-as-a-bridge#breadcrumb"},"inLanguage":"en-GB","potentialAction":[{"@type":"ReadAction","target":["https:\/\/shop.galeriegretameert.com\/?product=ro-se-a-book-as-a-bridge"]}]},{"@type":"ImageObject","inLanguage":"en-GB","@id":"https:\/\/shop.galeriegretameert.com\/?product=ro-se-a-book-as-a-bridge#primaryimage","url":"https:\/\/shop.galeriegretameert.com\/wp-content\/uploads\/2026\/04\/248_DuPasquier_09.jpg","contentUrl":"https:\/\/shop.galeriegretameert.com\/wp-content\/uploads\/2026\/04\/248_DuPasquier_09.jpg","width":1125,"height":1500},{"@type":"BreadcrumbList","@id":"https:\/\/shop.galeriegretameert.com\/?product=ro-se-a-book-as-a-bridge#breadcrumb","itemListElement":[{"@type":"ListItem","position":1,"name":"Home","item":"https:\/\/shop.galeriegretameert.com\/"},{"@type":"ListItem","position":2,"name":"Shop","item":"https:\/\/shop.galeriegretameert.com\/"},{"@type":"ListItem","position":3,"name":"RO-SE A Book as a Bridge"}]},{"@type":"WebSite","@id":"https:\/\/shop.galeriegretameert.com\/#website","url":"https:\/\/shop.galeriegretameert.com\/","name":"Galerie Greta Meert","description":"","publisher":{"@id":"https:\/\/shop.galeriegretameert.com\/#organization"},"potentialAction":[{"@type":"SearchAction","target":{"@type":"EntryPoint","urlTemplate":"https:\/\/shop.galeriegretameert.com\/?s={search_term_string}"},"query-input":{"@type":"PropertyValueSpecification","valueRequired":true,"valueName":"search_term_string"}}],"inLanguage":"en-GB"},{"@type":"Organization","@id":"https:\/\/shop.galeriegretameert.com\/#organization","name":"Galerie Greta Meert","url":"https:\/\/shop.galeriegretameert.com\/","logo":{"@type":"ImageObject","inLanguage":"en-GB","@id":"https:\/\/shop.galeriegretameert.com\/#\/schema\/logo\/image\/","url":"https:\/\/shop.galeriegretameert.com\/wp-content\/uploads\/2026\/04\/cropped-GGM-logo.png","contentUrl":"https:\/\/shop.galeriegretameert.com\/wp-content\/uploads\/2026\/04\/cropped-GGM-logo.png","width":1919,"height":111,"caption":"Galerie Greta Meert"},"image":{"@id":"https:\/\/shop.galeriegretameert.com\/#\/schema\/logo\/image\/"}}]}},"_links":{"self":[{"href":"https:\/\/shop.galeriegretameert.com\/index.php?rest_route=\/wp\/v2\/product\/616","targetHints":{"allow":["GET"]}}],"collection":[{"href":"https:\/\/shop.galeriegretameert.com\/index.php?rest_route=\/wp\/v2\/product"}],"about":[{"href":"https:\/\/shop.galeriegretameert.com\/index.php?rest_route=\/wp\/v2\/types\/product"}],"replies":[{"embeddable":true,"href":"https:\/\/shop.galeriegretameert.com\/index.php?rest_route=%2Fwp%2Fv2%2Fcomments&post=616"}],"wp:featuredmedia":[{"embeddable":true,"href":"https:\/\/shop.galeriegretameert.com\/index.php?rest_route=\/wp\/v2\/media\/883"}],"wp:attachment":[{"href":"https:\/\/shop.galeriegretameert.com\/index.php?rest_route=%2Fwp%2Fv2%2Fmedia&parent=616"}],"wp:term":[{"taxonomy":"product_brand","embeddable":true,"href":"https:\/\/shop.galeriegretameert.com\/index.php?rest_route=%2Fwp%2Fv2%2Fproduct_brand&post=616"},{"taxonomy":"product_cat","embeddable":true,"href":"https:\/\/shop.galeriegretameert.com\/index.php?rest_route=%2Fwp%2Fv2%2Fproduct_cat&post=616"},{"taxonomy":"product_tag","embeddable":true,"href":"https:\/\/shop.galeriegretameert.com\/index.php?rest_route=%2Fwp%2Fv2%2Fproduct_tag&post=616"}],"curies":[{"name":"wp","href":"https:\/\/api.w.org\/{rel}","templated":true}]}}