{"id":380,"date":"2026-04-09T21:51:20","date_gmt":"2026-04-09T20:51:20","guid":{"rendered":"https:\/\/shop.galeriegretameert.com\/?post_type=product&#038;p=380"},"modified":"2026-04-09T21:53:55","modified_gmt":"2026-04-09T20:53:55","slug":"brother-brother-brother","status":"publish","type":"product","link":"https:\/\/shop.galeriegretameert.com\/?product=brother-brother-brother","title":{"rendered":"Brother, Brother, Brother!"},"content":{"rendered":"<p>Publication following Sophie Nys participation at the group show Susan V\u00e9rit\u00e9 des M\u00e9thodes, curated by Elfi Turpin, CRAC Alsace in 2013<\/p>\n","protected":false},"excerpt":{"rendered":"<p>Year:<span class=\"Apple-converted-space\">\u00a02013<br \/>\n<\/span>Dimensions:<span class=\"Apple-converted-space\">\u00a015 x 15 cm<br \/>\n<\/span>Pages:<span class=\"Apple-converted-space\">\u00a034<br \/>\n<\/span>Language: English<br \/>\nMaterial:<span class=\"Apple-converted-space\">\u00a0Soft cover<\/span><\/p>\n","protected":false},"featured_media":603,"comment_status":"closed","ping_status":"closed","template":"","meta":[],"product_brand":[],"product_cat":[31],"product_tag":[27],"class_list":{"0":"post-380","1":"product","2":"type-product","3":"status-publish","4":"has-post-thumbnail","6":"product_cat-sophie-nys","7":"product_tag-book","9":"first","10":"instock","11":"taxable","12":"shipping-taxable","13":"purchasable","14":"product-type-simple"},"yoast_head":"<!-- This site is optimized with the Yoast SEO plugin v27.4 - https:\/\/yoast.com\/product\/yoast-seo-wordpress\/ -->\n<title>Brother, Brother, Brother! - Galerie Greta Meert<\/title>\n<meta name=\"robots\" content=\"index, follow, max-snippet:-1, max-image-preview:large, max-video-preview:-1\" \/>\n<link rel=\"canonical\" href=\"https:\/\/shop.galeriegretameert.com\/?product=brother-brother-brother\" \/>\n<meta property=\"og:locale\" content=\"en_GB\" \/>\n<meta property=\"og:type\" content=\"article\" \/>\n<meta property=\"og:title\" content=\"Brother, Brother, Brother! - Galerie Greta Meert\" \/>\n<meta property=\"og:description\" content=\"Year:\u00a02013 Dimensions:\u00a015 x 15 cm Pages:\u00a034 Language: English Material:\u00a0Soft cover\" \/>\n<meta property=\"og:url\" content=\"https:\/\/shop.galeriegretameert.com\/?product=brother-brother-brother\" \/>\n<meta property=\"og:site_name\" content=\"Galerie Greta Meert\" \/>\n<meta property=\"article:modified_time\" content=\"2026-04-09T20:53:55+00:00\" \/>\n<meta property=\"og:image\" content=\"https:\/\/shop.galeriegretameert.com\/wp-content\/uploads\/2026\/04\/NYS_06.jpg\" \/>\n\t<meta property=\"og:image:width\" content=\"1500\" \/>\n\t<meta property=\"og:image:height\" content=\"2000\" \/>\n\t<meta property=\"og:image:type\" content=\"image\/jpeg\" \/>\n<meta name=\"twitter:card\" content=\"summary_large_image\" \/>\n<script type=\"application\/ld+json\" class=\"yoast-schema-graph\">{\"@context\":\"https:\\\/\\\/schema.org\",\"@graph\":[{\"@type\":\"WebPage\",\"@id\":\"https:\\\/\\\/shop.galeriegretameert.com\\\/?product=brother-brother-brother\",\"url\":\"https:\\\/\\\/shop.galeriegretameert.com\\\/?product=brother-brother-brother\",\"name\":\"Brother, Brother, Brother! - Galerie Greta Meert\",\"isPartOf\":{\"@id\":\"https:\\\/\\\/shop.galeriegretameert.com\\\/#website\"},\"primaryImageOfPage\":{\"@id\":\"https:\\\/\\\/shop.galeriegretameert.com\\\/?product=brother-brother-brother#primaryimage\"},\"image\":{\"@id\":\"https:\\\/\\\/shop.galeriegretameert.com\\\/?product=brother-brother-brother#primaryimage\"},\"thumbnailUrl\":\"https:\\\/\\\/shop.galeriegretameert.com\\\/wp-content\\\/uploads\\\/2026\\\/04\\\/NYS_06.jpg\",\"datePublished\":\"2026-04-09T20:51:20+00:00\",\"dateModified\":\"2026-04-09T20:53:55+00:00\",\"breadcrumb\":{\"@id\":\"https:\\\/\\\/shop.galeriegretameert.com\\\/?product=brother-brother-brother#breadcrumb\"},\"inLanguage\":\"en-GB\",\"potentialAction\":[{\"@type\":\"ReadAction\",\"target\":[\"https:\\\/\\\/shop.galeriegretameert.com\\\/?product=brother-brother-brother\"]}]},{\"@type\":\"ImageObject\",\"inLanguage\":\"en-GB\",\"@id\":\"https:\\\/\\\/shop.galeriegretameert.com\\\/?product=brother-brother-brother#primaryimage\",\"url\":\"https:\\\/\\\/shop.galeriegretameert.com\\\/wp-content\\\/uploads\\\/2026\\\/04\\\/NYS_06.jpg\",\"contentUrl\":\"https:\\\/\\\/shop.galeriegretameert.com\\\/wp-content\\\/uploads\\\/2026\\\/04\\\/NYS_06.jpg\",\"width\":1500,\"height\":2000},{\"@type\":\"BreadcrumbList\",\"@id\":\"https:\\\/\\\/shop.galeriegretameert.com\\\/?product=brother-brother-brother#breadcrumb\",\"itemListElement\":[{\"@type\":\"ListItem\",\"position\":1,\"name\":\"Home\",\"item\":\"https:\\\/\\\/shop.galeriegretameert.com\\\/\"},{\"@type\":\"ListItem\",\"position\":2,\"name\":\"Shop\",\"item\":\"https:\\\/\\\/shop.galeriegretameert.com\\\/\"},{\"@type\":\"ListItem\",\"position\":3,\"name\":\"Brother, Brother, Brother!\"}]},{\"@type\":\"WebSite\",\"@id\":\"https:\\\/\\\/shop.galeriegretameert.com\\\/#website\",\"url\":\"https:\\\/\\\/shop.galeriegretameert.com\\\/\",\"name\":\"Galerie Greta Meert\",\"description\":\"\",\"publisher\":{\"@id\":\"https:\\\/\\\/shop.galeriegretameert.com\\\/#organization\"},\"potentialAction\":[{\"@type\":\"SearchAction\",\"target\":{\"@type\":\"EntryPoint\",\"urlTemplate\":\"https:\\\/\\\/shop.galeriegretameert.com\\\/?s={search_term_string}\"},\"query-input\":{\"@type\":\"PropertyValueSpecification\",\"valueRequired\":true,\"valueName\":\"search_term_string\"}}],\"inLanguage\":\"en-GB\"},{\"@type\":\"Organization\",\"@id\":\"https:\\\/\\\/shop.galeriegretameert.com\\\/#organization\",\"name\":\"Galerie Greta Meert\",\"url\":\"https:\\\/\\\/shop.galeriegretameert.com\\\/\",\"logo\":{\"@type\":\"ImageObject\",\"inLanguage\":\"en-GB\",\"@id\":\"https:\\\/\\\/shop.galeriegretameert.com\\\/#\\\/schema\\\/logo\\\/image\\\/\",\"url\":\"https:\\\/\\\/shop.galeriegretameert.com\\\/wp-content\\\/uploads\\\/2026\\\/04\\\/cropped-GGM-logo.png\",\"contentUrl\":\"https:\\\/\\\/shop.galeriegretameert.com\\\/wp-content\\\/uploads\\\/2026\\\/04\\\/cropped-GGM-logo.png\",\"width\":1919,\"height\":111,\"caption\":\"Galerie Greta Meert\"},\"image\":{\"@id\":\"https:\\\/\\\/shop.galeriegretameert.com\\\/#\\\/schema\\\/logo\\\/image\\\/\"}}]}<\/script>\n<!-- \/ Yoast SEO plugin. -->","yoast_head_json":{"title":"Brother, Brother, Brother! - Galerie Greta Meert","robots":{"index":"index","follow":"follow","max-snippet":"max-snippet:-1","max-image-preview":"max-image-preview:large","max-video-preview":"max-video-preview:-1"},"canonical":"https:\/\/shop.galeriegretameert.com\/?product=brother-brother-brother","og_locale":"en_GB","og_type":"article","og_title":"Brother, Brother, Brother! - Galerie Greta Meert","og_description":"Year:\u00a02013 Dimensions:\u00a015 x 15 cm Pages:\u00a034 Language: English Material:\u00a0Soft cover","og_url":"https:\/\/shop.galeriegretameert.com\/?product=brother-brother-brother","og_site_name":"Galerie Greta Meert","article_modified_time":"2026-04-09T20:53:55+00:00","og_image":[{"width":1500,"height":2000,"url":"https:\/\/shop.galeriegretameert.com\/wp-content\/uploads\/2026\/04\/NYS_06.jpg","type":"image\/jpeg"}],"twitter_card":"summary_large_image","schema":{"@context":"https:\/\/schema.org","@graph":[{"@type":"WebPage","@id":"https:\/\/shop.galeriegretameert.com\/?product=brother-brother-brother","url":"https:\/\/shop.galeriegretameert.com\/?product=brother-brother-brother","name":"Brother, Brother, Brother! - Galerie Greta Meert","isPartOf":{"@id":"https:\/\/shop.galeriegretameert.com\/#website"},"primaryImageOfPage":{"@id":"https:\/\/shop.galeriegretameert.com\/?product=brother-brother-brother#primaryimage"},"image":{"@id":"https:\/\/shop.galeriegretameert.com\/?product=brother-brother-brother#primaryimage"},"thumbnailUrl":"https:\/\/shop.galeriegretameert.com\/wp-content\/uploads\/2026\/04\/NYS_06.jpg","datePublished":"2026-04-09T20:51:20+00:00","dateModified":"2026-04-09T20:53:55+00:00","breadcrumb":{"@id":"https:\/\/shop.galeriegretameert.com\/?product=brother-brother-brother#breadcrumb"},"inLanguage":"en-GB","potentialAction":[{"@type":"ReadAction","target":["https:\/\/shop.galeriegretameert.com\/?product=brother-brother-brother"]}]},{"@type":"ImageObject","inLanguage":"en-GB","@id":"https:\/\/shop.galeriegretameert.com\/?product=brother-brother-brother#primaryimage","url":"https:\/\/shop.galeriegretameert.com\/wp-content\/uploads\/2026\/04\/NYS_06.jpg","contentUrl":"https:\/\/shop.galeriegretameert.com\/wp-content\/uploads\/2026\/04\/NYS_06.jpg","width":1500,"height":2000},{"@type":"BreadcrumbList","@id":"https:\/\/shop.galeriegretameert.com\/?product=brother-brother-brother#breadcrumb","itemListElement":[{"@type":"ListItem","position":1,"name":"Home","item":"https:\/\/shop.galeriegretameert.com\/"},{"@type":"ListItem","position":2,"name":"Shop","item":"https:\/\/shop.galeriegretameert.com\/"},{"@type":"ListItem","position":3,"name":"Brother, Brother, Brother!"}]},{"@type":"WebSite","@id":"https:\/\/shop.galeriegretameert.com\/#website","url":"https:\/\/shop.galeriegretameert.com\/","name":"Galerie Greta Meert","description":"","publisher":{"@id":"https:\/\/shop.galeriegretameert.com\/#organization"},"potentialAction":[{"@type":"SearchAction","target":{"@type":"EntryPoint","urlTemplate":"https:\/\/shop.galeriegretameert.com\/?s={search_term_string}"},"query-input":{"@type":"PropertyValueSpecification","valueRequired":true,"valueName":"search_term_string"}}],"inLanguage":"en-GB"},{"@type":"Organization","@id":"https:\/\/shop.galeriegretameert.com\/#organization","name":"Galerie Greta Meert","url":"https:\/\/shop.galeriegretameert.com\/","logo":{"@type":"ImageObject","inLanguage":"en-GB","@id":"https:\/\/shop.galeriegretameert.com\/#\/schema\/logo\/image\/","url":"https:\/\/shop.galeriegretameert.com\/wp-content\/uploads\/2026\/04\/cropped-GGM-logo.png","contentUrl":"https:\/\/shop.galeriegretameert.com\/wp-content\/uploads\/2026\/04\/cropped-GGM-logo.png","width":1919,"height":111,"caption":"Galerie Greta Meert"},"image":{"@id":"https:\/\/shop.galeriegretameert.com\/#\/schema\/logo\/image\/"}}]}},"_links":{"self":[{"href":"https:\/\/shop.galeriegretameert.com\/index.php?rest_route=\/wp\/v2\/product\/380","targetHints":{"allow":["GET"]}}],"collection":[{"href":"https:\/\/shop.galeriegretameert.com\/index.php?rest_route=\/wp\/v2\/product"}],"about":[{"href":"https:\/\/shop.galeriegretameert.com\/index.php?rest_route=\/wp\/v2\/types\/product"}],"replies":[{"embeddable":true,"href":"https:\/\/shop.galeriegretameert.com\/index.php?rest_route=%2Fwp%2Fv2%2Fcomments&post=380"}],"wp:featuredmedia":[{"embeddable":true,"href":"https:\/\/shop.galeriegretameert.com\/index.php?rest_route=\/wp\/v2\/media\/603"}],"wp:attachment":[{"href":"https:\/\/shop.galeriegretameert.com\/index.php?rest_route=%2Fwp%2Fv2%2Fmedia&parent=380"}],"wp:term":[{"taxonomy":"product_brand","embeddable":true,"href":"https:\/\/shop.galeriegretameert.com\/index.php?rest_route=%2Fwp%2Fv2%2Fproduct_brand&post=380"},{"taxonomy":"product_cat","embeddable":true,"href":"https:\/\/shop.galeriegretameert.com\/index.php?rest_route=%2Fwp%2Fv2%2Fproduct_cat&post=380"},{"taxonomy":"product_tag","embeddable":true,"href":"https:\/\/shop.galeriegretameert.com\/index.php?rest_route=%2Fwp%2Fv2%2Fproduct_tag&post=380"}],"curies":[{"name":"wp","href":"https:\/\/api.w.org\/{rel}","templated":true}]}}