{"id":379,"date":"2026-04-09T21:51:20","date_gmt":"2026-04-09T20:51:20","guid":{"rendered":"https:\/\/shop.galeriegretameert.com\/?post_type=product&#038;p=379"},"modified":"2026-04-09T21:53:50","modified_gmt":"2026-04-09T20:53:50","slug":"fenautrigues","status":"publish","type":"product","link":"https:\/\/shop.galeriegretameert.com\/?product=fenautrigues","title":{"rendered":"F\u00e9nautrigues"},"content":{"rendered":"<p>Pour Jean-Luc Moul\u00e8ne, F\u00e9nautrigues constitue un retour aux sources. Situ\u00e9e au-dessus de Saint-C\u00e9r\u00e9, cette petite commune du Lot abrite le lieu-dit Le Moulin. Berceau de sa famille, ce fut aussi le terrain de jeux de son enfance. Devenu un acteur majeur de la sc\u00e8ne artistique fran\u00e7aise, Jean-Luc Moul\u00e8ne a mis \u00e0 profit une commande publique du Minist\u00e8re de la Culture et de la Communication pour revenir explorer F\u00e9nautrigues de fond en comble. Entre 1991 et 2006, il a arpent\u00e9, appareils photos en main, ce territoire de 5 km2. Jardins, ruisseau, travail des champs, bois et chemins creux ont donn\u00e9 mati\u00e8re \u00e0 7 000 prises de vues. Ces 500 images qui en sont extraites forment une oeuvre singuli\u00e8re sur la m\u00e9moire, l&#8217;espace et le regard.<\/p>\n","protected":false},"excerpt":{"rendered":"<p>Year:<span class=\"Apple-converted-space\">\u00a02015<br \/>\n<\/span>Dimensions:<span class=\"Apple-converted-space\">\u00a029 x 25 x 5 cm<br \/>\n<\/span>Pages:<span class=\"Apple-converted-space\">\u00a0528<br \/>\n<\/span>Language:<span class=\"Apple-converted-space\">\u00a0French<br \/>\n<\/span>Material:<span class=\"Apple-converted-space\">\u00a0Hard cover<\/span><\/p>\n","protected":false},"featured_media":592,"comment_status":"closed","ping_status":"closed","template":"","meta":[],"product_brand":[],"product_cat":[32],"product_tag":[27],"class_list":{"0":"post-379","1":"product","2":"type-product","3":"status-publish","4":"has-post-thumbnail","6":"product_cat-jean-luc-moulene","7":"product_tag-book","9":"first","10":"instock","11":"taxable","12":"shipping-taxable","13":"purchasable","14":"product-type-simple"},"yoast_head":"<!-- This site is optimized with the Yoast SEO plugin v27.4 - https:\/\/yoast.com\/product\/yoast-seo-wordpress\/ -->\n<title>F\u00e9nautrigues - Galerie Greta Meert<\/title>\n<meta name=\"robots\" content=\"index, follow, max-snippet:-1, max-image-preview:large, max-video-preview:-1\" \/>\n<link rel=\"canonical\" href=\"https:\/\/shop.galeriegretameert.com\/?product=fenautrigues\" \/>\n<meta property=\"og:locale\" content=\"en_GB\" \/>\n<meta property=\"og:type\" content=\"article\" \/>\n<meta property=\"og:title\" content=\"F\u00e9nautrigues - Galerie Greta Meert\" \/>\n<meta property=\"og:description\" content=\"Year:\u00a02015 Dimensions:\u00a029 x 25 x 5 cm Pages:\u00a0528 Language:\u00a0French Material:\u00a0Hard cover\" \/>\n<meta property=\"og:url\" content=\"https:\/\/shop.galeriegretameert.com\/?product=fenautrigues\" \/>\n<meta property=\"og:site_name\" content=\"Galerie Greta Meert\" \/>\n<meta property=\"article:modified_time\" content=\"2026-04-09T20:53:50+00:00\" \/>\n<meta property=\"og:image\" content=\"https:\/\/shop.galeriegretameert.com\/wp-content\/uploads\/2026\/04\/Moulene_05.jpg\" \/>\n\t<meta property=\"og:image:width\" content=\"299\" \/>\n\t<meta property=\"og:image:height\" content=\"399\" \/>\n\t<meta property=\"og:image:type\" content=\"image\/jpeg\" \/>\n<meta name=\"twitter:card\" content=\"summary_large_image\" \/>\n<meta name=\"twitter:label1\" content=\"Estimated reading time\" \/>\n\t<meta name=\"twitter:data1\" content=\"1 minute\" \/>\n<script type=\"application\/ld+json\" class=\"yoast-schema-graph\">{\"@context\":\"https:\\\/\\\/schema.org\",\"@graph\":[{\"@type\":\"WebPage\",\"@id\":\"https:\\\/\\\/shop.galeriegretameert.com\\\/?product=fenautrigues\",\"url\":\"https:\\\/\\\/shop.galeriegretameert.com\\\/?product=fenautrigues\",\"name\":\"F\u00e9nautrigues - Galerie Greta Meert\",\"isPartOf\":{\"@id\":\"https:\\\/\\\/shop.galeriegretameert.com\\\/#website\"},\"primaryImageOfPage\":{\"@id\":\"https:\\\/\\\/shop.galeriegretameert.com\\\/?product=fenautrigues#primaryimage\"},\"image\":{\"@id\":\"https:\\\/\\\/shop.galeriegretameert.com\\\/?product=fenautrigues#primaryimage\"},\"thumbnailUrl\":\"https:\\\/\\\/shop.galeriegretameert.com\\\/wp-content\\\/uploads\\\/2026\\\/04\\\/Moulene_05.jpg\",\"datePublished\":\"2026-04-09T20:51:20+00:00\",\"dateModified\":\"2026-04-09T20:53:50+00:00\",\"breadcrumb\":{\"@id\":\"https:\\\/\\\/shop.galeriegretameert.com\\\/?product=fenautrigues#breadcrumb\"},\"inLanguage\":\"en-GB\",\"potentialAction\":[{\"@type\":\"ReadAction\",\"target\":[\"https:\\\/\\\/shop.galeriegretameert.com\\\/?product=fenautrigues\"]}]},{\"@type\":\"ImageObject\",\"inLanguage\":\"en-GB\",\"@id\":\"https:\\\/\\\/shop.galeriegretameert.com\\\/?product=fenautrigues#primaryimage\",\"url\":\"https:\\\/\\\/shop.galeriegretameert.com\\\/wp-content\\\/uploads\\\/2026\\\/04\\\/Moulene_05.jpg\",\"contentUrl\":\"https:\\\/\\\/shop.galeriegretameert.com\\\/wp-content\\\/uploads\\\/2026\\\/04\\\/Moulene_05.jpg\",\"width\":299,\"height\":399},{\"@type\":\"BreadcrumbList\",\"@id\":\"https:\\\/\\\/shop.galeriegretameert.com\\\/?product=fenautrigues#breadcrumb\",\"itemListElement\":[{\"@type\":\"ListItem\",\"position\":1,\"name\":\"Home\",\"item\":\"https:\\\/\\\/shop.galeriegretameert.com\\\/\"},{\"@type\":\"ListItem\",\"position\":2,\"name\":\"Shop\",\"item\":\"https:\\\/\\\/shop.galeriegretameert.com\\\/\"},{\"@type\":\"ListItem\",\"position\":3,\"name\":\"F\u00e9nautrigues\"}]},{\"@type\":\"WebSite\",\"@id\":\"https:\\\/\\\/shop.galeriegretameert.com\\\/#website\",\"url\":\"https:\\\/\\\/shop.galeriegretameert.com\\\/\",\"name\":\"Galerie Greta Meert\",\"description\":\"\",\"publisher\":{\"@id\":\"https:\\\/\\\/shop.galeriegretameert.com\\\/#organization\"},\"potentialAction\":[{\"@type\":\"SearchAction\",\"target\":{\"@type\":\"EntryPoint\",\"urlTemplate\":\"https:\\\/\\\/shop.galeriegretameert.com\\\/?s={search_term_string}\"},\"query-input\":{\"@type\":\"PropertyValueSpecification\",\"valueRequired\":true,\"valueName\":\"search_term_string\"}}],\"inLanguage\":\"en-GB\"},{\"@type\":\"Organization\",\"@id\":\"https:\\\/\\\/shop.galeriegretameert.com\\\/#organization\",\"name\":\"Galerie Greta Meert\",\"url\":\"https:\\\/\\\/shop.galeriegretameert.com\\\/\",\"logo\":{\"@type\":\"ImageObject\",\"inLanguage\":\"en-GB\",\"@id\":\"https:\\\/\\\/shop.galeriegretameert.com\\\/#\\\/schema\\\/logo\\\/image\\\/\",\"url\":\"https:\\\/\\\/shop.galeriegretameert.com\\\/wp-content\\\/uploads\\\/2026\\\/04\\\/cropped-GGM-logo.png\",\"contentUrl\":\"https:\\\/\\\/shop.galeriegretameert.com\\\/wp-content\\\/uploads\\\/2026\\\/04\\\/cropped-GGM-logo.png\",\"width\":1919,\"height\":111,\"caption\":\"Galerie Greta Meert\"},\"image\":{\"@id\":\"https:\\\/\\\/shop.galeriegretameert.com\\\/#\\\/schema\\\/logo\\\/image\\\/\"}}]}<\/script>\n<!-- \/ Yoast SEO plugin. -->","yoast_head_json":{"title":"F\u00e9nautrigues - Galerie Greta Meert","robots":{"index":"index","follow":"follow","max-snippet":"max-snippet:-1","max-image-preview":"max-image-preview:large","max-video-preview":"max-video-preview:-1"},"canonical":"https:\/\/shop.galeriegretameert.com\/?product=fenautrigues","og_locale":"en_GB","og_type":"article","og_title":"F\u00e9nautrigues - Galerie Greta Meert","og_description":"Year:\u00a02015 Dimensions:\u00a029 x 25 x 5 cm Pages:\u00a0528 Language:\u00a0French Material:\u00a0Hard cover","og_url":"https:\/\/shop.galeriegretameert.com\/?product=fenautrigues","og_site_name":"Galerie Greta Meert","article_modified_time":"2026-04-09T20:53:50+00:00","og_image":[{"width":299,"height":399,"url":"https:\/\/shop.galeriegretameert.com\/wp-content\/uploads\/2026\/04\/Moulene_05.jpg","type":"image\/jpeg"}],"twitter_card":"summary_large_image","twitter_misc":{"Estimated reading time":"1 minute"},"schema":{"@context":"https:\/\/schema.org","@graph":[{"@type":"WebPage","@id":"https:\/\/shop.galeriegretameert.com\/?product=fenautrigues","url":"https:\/\/shop.galeriegretameert.com\/?product=fenautrigues","name":"F\u00e9nautrigues - Galerie Greta Meert","isPartOf":{"@id":"https:\/\/shop.galeriegretameert.com\/#website"},"primaryImageOfPage":{"@id":"https:\/\/shop.galeriegretameert.com\/?product=fenautrigues#primaryimage"},"image":{"@id":"https:\/\/shop.galeriegretameert.com\/?product=fenautrigues#primaryimage"},"thumbnailUrl":"https:\/\/shop.galeriegretameert.com\/wp-content\/uploads\/2026\/04\/Moulene_05.jpg","datePublished":"2026-04-09T20:51:20+00:00","dateModified":"2026-04-09T20:53:50+00:00","breadcrumb":{"@id":"https:\/\/shop.galeriegretameert.com\/?product=fenautrigues#breadcrumb"},"inLanguage":"en-GB","potentialAction":[{"@type":"ReadAction","target":["https:\/\/shop.galeriegretameert.com\/?product=fenautrigues"]}]},{"@type":"ImageObject","inLanguage":"en-GB","@id":"https:\/\/shop.galeriegretameert.com\/?product=fenautrigues#primaryimage","url":"https:\/\/shop.galeriegretameert.com\/wp-content\/uploads\/2026\/04\/Moulene_05.jpg","contentUrl":"https:\/\/shop.galeriegretameert.com\/wp-content\/uploads\/2026\/04\/Moulene_05.jpg","width":299,"height":399},{"@type":"BreadcrumbList","@id":"https:\/\/shop.galeriegretameert.com\/?product=fenautrigues#breadcrumb","itemListElement":[{"@type":"ListItem","position":1,"name":"Home","item":"https:\/\/shop.galeriegretameert.com\/"},{"@type":"ListItem","position":2,"name":"Shop","item":"https:\/\/shop.galeriegretameert.com\/"},{"@type":"ListItem","position":3,"name":"F\u00e9nautrigues"}]},{"@type":"WebSite","@id":"https:\/\/shop.galeriegretameert.com\/#website","url":"https:\/\/shop.galeriegretameert.com\/","name":"Galerie Greta Meert","description":"","publisher":{"@id":"https:\/\/shop.galeriegretameert.com\/#organization"},"potentialAction":[{"@type":"SearchAction","target":{"@type":"EntryPoint","urlTemplate":"https:\/\/shop.galeriegretameert.com\/?s={search_term_string}"},"query-input":{"@type":"PropertyValueSpecification","valueRequired":true,"valueName":"search_term_string"}}],"inLanguage":"en-GB"},{"@type":"Organization","@id":"https:\/\/shop.galeriegretameert.com\/#organization","name":"Galerie Greta Meert","url":"https:\/\/shop.galeriegretameert.com\/","logo":{"@type":"ImageObject","inLanguage":"en-GB","@id":"https:\/\/shop.galeriegretameert.com\/#\/schema\/logo\/image\/","url":"https:\/\/shop.galeriegretameert.com\/wp-content\/uploads\/2026\/04\/cropped-GGM-logo.png","contentUrl":"https:\/\/shop.galeriegretameert.com\/wp-content\/uploads\/2026\/04\/cropped-GGM-logo.png","width":1919,"height":111,"caption":"Galerie Greta Meert"},"image":{"@id":"https:\/\/shop.galeriegretameert.com\/#\/schema\/logo\/image\/"}}]}},"_links":{"self":[{"href":"https:\/\/shop.galeriegretameert.com\/index.php?rest_route=\/wp\/v2\/product\/379","targetHints":{"allow":["GET"]}}],"collection":[{"href":"https:\/\/shop.galeriegretameert.com\/index.php?rest_route=\/wp\/v2\/product"}],"about":[{"href":"https:\/\/shop.galeriegretameert.com\/index.php?rest_route=\/wp\/v2\/types\/product"}],"replies":[{"embeddable":true,"href":"https:\/\/shop.galeriegretameert.com\/index.php?rest_route=%2Fwp%2Fv2%2Fcomments&post=379"}],"wp:featuredmedia":[{"embeddable":true,"href":"https:\/\/shop.galeriegretameert.com\/index.php?rest_route=\/wp\/v2\/media\/592"}],"wp:attachment":[{"href":"https:\/\/shop.galeriegretameert.com\/index.php?rest_route=%2Fwp%2Fv2%2Fmedia&parent=379"}],"wp:term":[{"taxonomy":"product_brand","embeddable":true,"href":"https:\/\/shop.galeriegretameert.com\/index.php?rest_route=%2Fwp%2Fv2%2Fproduct_brand&post=379"},{"taxonomy":"product_cat","embeddable":true,"href":"https:\/\/shop.galeriegretameert.com\/index.php?rest_route=%2Fwp%2Fv2%2Fproduct_cat&post=379"},{"taxonomy":"product_tag","embeddable":true,"href":"https:\/\/shop.galeriegretameert.com\/index.php?rest_route=%2Fwp%2Fv2%2Fproduct_tag&post=379"}],"curies":[{"name":"wp","href":"https:\/\/api.w.org\/{rel}","templated":true}]}}